{"id":7935,"date":"2021-12-20T09:47:17","date_gmt":"2021-12-20T09:47:17","guid":{"rendered":"http:\/\/morocco-carp.com\/new\/reserva\/"},"modified":"2026-03-01T15:38:15","modified_gmt":"2026-03-01T15:38:15","slug":"reserva","status":"publish","type":"page","link":"https:\/\/morocco-carp.com\/new\/reserva\/?lang=es","title":{"rendered":"Reserva"},"content":{"rendered":"\t\t<div data-elementor-type=\"wp-page\" data-elementor-id=\"7935\" class=\"elementor elementor-7935 elementor-4444\">\n\t\t\t\t\t\t\t\t\t<section class=\"elementor-section elementor-top-section elementor-element elementor-element-0f47c3b elementor-section-boxed elementor-section-height-default elementor-section-height-default\" data-id=\"0f47c3b\" data-element_type=\"section\">\n\t\t\t\t\t\t<div class=\"elementor-container elementor-column-gap-wider\">\n\t\t\t\t\t<div class=\"elementor-column elementor-col-100 elementor-top-column elementor-element elementor-element-efa4d2d\" data-id=\"efa4d2d\" data-element_type=\"column\">\n\t\t\t<div class=\"elementor-widget-wrap elementor-element-populated\">\n\t\t\t\t\t\t\t\t<div class=\"elementor-element elementor-element-c9f0ba5 elementor-widget elementor-widget-heading\" data-id=\"c9f0ba5\" data-element_type=\"widget\" data-widget_type=\"heading.default\">\n\t\t\t\t<div class=\"elementor-widget-container\">\n\t\t\t<h2 class=\"elementor-heading-title elementor-size-default\">Estamos aqu\u00ed para ti<\/h2>\t\t<\/div>\n\t\t\t\t<\/div>\n\t\t\t\t<div class=\"elementor-element elementor-element-67ca9a8 elementor-widget elementor-widget-heading\" data-id=\"67ca9a8\" data-element_type=\"widget\" data-widget_type=\"heading.default\">\n\t\t\t\t<div class=\"elementor-widget-container\">\n\t\t\t<h6 class=\"elementor-heading-title elementor-size-default\">Para hacer su reserva, elija uno de nuestros agentes experimentados que estar\u00e1 listo para ayudarlo en cada paso del proceso.<\/h6>\t\t<\/div>\n\t\t\t\t<\/div>\n\t\t\t\t\t<\/div>\n\t\t<\/div>\n\t\t\t\t\t\t\t<\/div>\n\t\t<\/section>\n\t\t\t\t<section class=\"elementor-section elementor-top-section elementor-element elementor-element-b9e3c50 elementor-section-boxed elementor-section-height-default elementor-section-height-default\" data-id=\"b9e3c50\" data-element_type=\"section\">\n\t\t\t\t\t\t<div class=\"elementor-container elementor-column-gap-default\">\n\t\t\t\t\t<div class=\"elementor-column elementor-col-50 elementor-top-column elementor-element elementor-element-73ca09d\" data-id=\"73ca09d\" data-element_type=\"column\">\n\t\t\t<div class=\"elementor-widget-wrap elementor-element-populated\">\n\t\t\t\t\t\t\t\t<div class=\"elementor-element elementor-element-94867a8 elementor-widget elementor-widget-image\" data-id=\"94867a8\" data-element_type=\"widget\" data-widget_type=\"image.default\">\n\t\t\t\t<div class=\"elementor-widget-container\">\n\t\t\t\t\t\t\t\t\t\t\t\t\t\t\t<img loading=\"lazy\" decoding=\"async\" width=\"1000\" height=\"1000\" src=\"https:\/\/morocco-carp.com\/new\/wp-content\/uploads\/2020\/01\/ismael-square2.jpg\" class=\"attachment-large size-large wp-image-7204\" alt=\"\" srcset=\"https:\/\/morocco-carp.com\/new\/wp-content\/uploads\/2020\/01\/ismael-square2.jpg 1000w, https:\/\/morocco-carp.com\/new\/wp-content\/uploads\/2020\/01\/ismael-square2-300x300.jpg 300w, https:\/\/morocco-carp.com\/new\/wp-content\/uploads\/2020\/01\/ismael-square2-150x150.jpg 150w, https:\/\/morocco-carp.com\/new\/wp-content\/uploads\/2020\/01\/ismael-square2-768x768.jpg 768w\" sizes=\"auto, (max-width: 1000px) 100vw, 1000px\" \/>\t\t\t\t\t\t\t\t\t\t\t\t\t\t\t<\/div>\n\t\t\t\t<\/div>\n\t\t\t\t\t<\/div>\n\t\t<\/div>\n\t\t\t\t<div class=\"elementor-column elementor-col-50 elementor-top-column elementor-element elementor-element-80bf773\" data-id=\"80bf773\" data-element_type=\"column\">\n\t\t\t<div class=\"elementor-widget-wrap elementor-element-populated\">\n\t\t\t\t\t\t\t\t<div class=\"elementor-element elementor-element-eb80ce0 elementor-widget elementor-widget-heading\" data-id=\"eb80ce0\" data-element_type=\"widget\" data-widget_type=\"heading.default\">\n\t\t\t\t<div class=\"elementor-widget-container\">\n\t\t\t<h4 class=\"elementor-heading-title elementor-size-default\">Ismael Ojeda Gil<\/h4>\t\t<\/div>\n\t\t\t\t<\/div>\n\t\t\t\t<div class=\"elementor-element elementor-element-e3de0f5 elementor-widget elementor-widget-heading\" data-id=\"e3de0f5\" data-element_type=\"widget\" data-widget_type=\"heading.default\">\n\t\t\t\t<div class=\"elementor-widget-container\">\n\t\t\t<h6 class=\"elementor-heading-title elementor-size-default\">Agente de ventas- Habla espa\u00f1ol \ud83c\uddea\ud83c\uddf8<\/h6>\t\t<\/div>\n\t\t\t\t<\/div>\n\t\t\t\t<div class=\"elementor-element elementor-element-95eee13 elementor-widget elementor-widget-text-editor\" data-id=\"95eee13\" data-element_type=\"widget\" data-widget_type=\"text-editor.default\">\n\t\t\t\t<div class=\"elementor-widget-container\">\n\t\t\t\t\t\t\t<p class=\"p1\">Bienvenidos a BEO. Soy Ismael Ojeda, pescador con amplia experiencia en Bin El Ouidane. Te ayudo con informaci\u00f3n, organizaci\u00f3n y consejos para que vivas una experiencia de pesca \u00fanica.<\/p>\t\t\t\t\t\t<\/div>\n\t\t\t\t<\/div>\n\t\t\t\t<div class=\"elementor-element elementor-element-6615ba6 elementor-widget elementor-widget-heading\" data-id=\"6615ba6\" data-element_type=\"widget\" data-widget_type=\"heading.default\">\n\t\t\t\t<div class=\"elementor-widget-container\">\n\t\t\t<h4 class=\"elementor-heading-title elementor-size-default\">Contacto<\/h4>\t\t<\/div>\n\t\t\t\t<\/div>\n\t\t\t\t<div class=\"elementor-element elementor-element-7687e15 elementor-widget elementor-widget-spacer\" data-id=\"7687e15\" data-element_type=\"widget\" data-widget_type=\"spacer.default\">\n\t\t\t\t<div class=\"elementor-widget-container\">\n\t\t\t\t\t<div class=\"elementor-spacer\">\n\t\t\t<div class=\"elementor-spacer-inner\"><\/div>\n\t\t<\/div>\n\t\t\t\t<\/div>\n\t\t\t\t<\/div>\n\t\t\t\t<div class=\"elementor-element elementor-element-38d60fd icon-vertical-align-center content-align-left icon-box-vertical-align-top icon-position-left elementor-widget elementor-widget-the7_icon_box_widget\" data-id=\"38d60fd\" data-element_type=\"widget\" data-widget_type=\"the7_icon_box_widget.default\">\n\t\t\t\t<div class=\"elementor-widget-container\">\n\t\t\t\n\t\t<div class=\"the7-box-wrapper the7-elementor-widget the7_icon_box_widget-38d60fd\">\t\t\t<div class=\"box-content-wrapper\">\n\t\t\t\t\t\t\t\t\t<a class=\"elementor-icon-div\" >\t\t\t\t\t\t<div class=\"elementor-icon\">\n\t\t\t\t\t\t\t<i aria-hidden=\"true\" class=\"fas fa-phone-alt\"><\/i>\t\t\t\t\t\t<\/div>\n\t\t\t\t\t<\/a>\t\t\t\t\t\t\t\t<div class=\"box-content\">\n\t\t\t\t\t\t\t\t\t\t\t\t\t\t\t\t<div class=\"box-description\">+34 644 28 90 54<\/div>\n\t\t\t\t\t\n\t\t\t\t\t\n\t\t\t\t<\/div>\n\t\t\t<\/div>\n\t\t<\/div>\t\t\t<\/div>\n\t\t\t\t<\/div>\n\t\t\t\t<div class=\"elementor-element elementor-element-5646efa elementor-widget elementor-widget-spacer\" data-id=\"5646efa\" data-element_type=\"widget\" data-widget_type=\"spacer.default\">\n\t\t\t\t<div class=\"elementor-widget-container\">\n\t\t\t\t\t<div class=\"elementor-spacer\">\n\t\t\t<div class=\"elementor-spacer-inner\"><\/div>\n\t\t<\/div>\n\t\t\t\t<\/div>\n\t\t\t\t<\/div>\n\t\t\t\t<div class=\"elementor-element elementor-element-0f66a1d icon-vertical-align-center content-align-left icon-box-vertical-align-top icon-position-left elementor-widget elementor-widget-the7_icon_box_widget\" data-id=\"0f66a1d\" data-element_type=\"widget\" data-widget_type=\"the7_icon_box_widget.default\">\n\t\t\t\t<div class=\"elementor-widget-container\">\n\t\t\t\n\t\t<div class=\"the7-box-wrapper the7-elementor-widget the7_icon_box_widget-0f66a1d\">\t\t\t<div class=\"box-content-wrapper\">\n\t\t\t\t\t\t\t\t\t<a class=\"elementor-icon-div\" >\t\t\t\t\t\t<div class=\"elementor-icon\">\n\t\t\t\t\t\t\t<i aria-hidden=\"true\" class=\"fas fa-envelope\"><\/i>\t\t\t\t\t\t<\/div>\n\t\t\t\t\t<\/a>\t\t\t\t\t\t\t\t<div class=\"box-content\">\n\t\t\t\t\t\t\t\t\t\t\t\t\t\t\t\t<div class=\"box-description\">\nismael_ojeda@icloud.com<\/div>\n\t\t\t\t\t\n\t\t\t\t\t\n\t\t\t\t<\/div>\n\t\t\t<\/div>\n\t\t<\/div>\t\t\t<\/div>\n\t\t\t\t<\/div>\n\t\t\t\t<div class=\"elementor-element elementor-element-d063b24 elementor-widget elementor-widget-spacer\" data-id=\"d063b24\" data-element_type=\"widget\" data-widget_type=\"spacer.default\">\n\t\t\t\t<div class=\"elementor-widget-container\">\n\t\t\t\t\t<div class=\"elementor-spacer\">\n\t\t\t<div class=\"elementor-spacer-inner\"><\/div>\n\t\t<\/div>\n\t\t\t\t<\/div>\n\t\t\t\t<\/div>\n\t\t\t\t<div class=\"elementor-element elementor-element-b81cec0 elementor-tablet-align-center elementor-mobile-align-center elementor-widget elementor-widget-button\" data-id=\"b81cec0\" data-element_type=\"widget\" data-widget_type=\"button.default\">\n\t\t\t\t<div class=\"elementor-widget-container\">\n\t\t\t\t\t<div class=\"elementor-button-wrapper\">\n\t\t\t<a href=\"https:\/\/morocco-carp.com\/new\/our_team\/ismael-ojeda-gil\/?lang=es\" class=\"elementor-button-link elementor-button elementor-size-lg\" role=\"button\">\n\t\t\t\t\t\t<span class=\"elementor-button-content-wrapper\">\n\t\t\t\t\t\t\t<span class=\"elementor-button-icon elementor-align-icon-right\">\n\t\t\t\t<i aria-hidden=\"true\" class=\"fas fa-arrow-right\"><\/i>\t\t\t<\/span>\n\t\t\t\t\t\t<span class=\"elementor-button-text\">Reservaci\u00f3n<\/span>\n\t\t<\/span>\n\t\t\t\t\t<\/a>\n\t\t<\/div>\n\t\t\t\t<\/div>\n\t\t\t\t<\/div>\n\t\t\t\t\t<\/div>\n\t\t<\/div>\n\t\t\t\t\t\t\t<\/div>\n\t\t<\/section>\n\t\t\t\t<section class=\"elementor-section elementor-top-section elementor-element elementor-element-3bc5daa elementor-section-boxed elementor-section-height-default elementor-section-height-default\" data-id=\"3bc5daa\" data-element_type=\"section\">\n\t\t\t\t\t\t<div class=\"elementor-container elementor-column-gap-wider\">\n\t\t\t\t\t<div class=\"elementor-column elementor-col-100 elementor-top-column elementor-element elementor-element-c17f4c4\" data-id=\"c17f4c4\" data-element_type=\"column\">\n\t\t\t<div class=\"elementor-widget-wrap elementor-element-populated\">\n\t\t\t\t\t\t\t\t<div class=\"elementor-element elementor-element-2679f8c elementor-widget elementor-widget-heading\" data-id=\"2679f8c\" data-element_type=\"widget\" data-widget_type=\"heading.default\">\n\t\t\t\t<div class=\"elementor-widget-container\">\n\t\t\t<h2 class=\"elementor-heading-title elementor-size-default\">Nuestros agentes<\/h2>\t\t<\/div>\n\t\t\t\t<\/div>\n\t\t\t\t\t<\/div>\n\t\t<\/div>\n\t\t\t\t\t\t\t<\/div>\n\t\t<\/section>\n\t\t\t\t<section class=\"elementor-section elementor-top-section elementor-element elementor-element-4b862d3 elementor-section-boxed elementor-section-height-default elementor-section-height-default\" data-id=\"4b862d3\" data-element_type=\"section\">\n\t\t\t\t\t\t<div class=\"elementor-container elementor-column-gap-wider\">\n\t\t\t\t\t<div class=\"elementor-column elementor-col-100 elementor-top-column elementor-element elementor-element-6bdba29\" data-id=\"6bdba29\" data-element_type=\"column\">\n\t\t\t<div class=\"elementor-widget-wrap elementor-element-populated\">\n\t\t\t\t\t\t\t\t<div class=\"elementor-element elementor-element-2cd5ce1 slide-h-position-tablet-center slide-h-position-center icon-box-vertical-align-top elementor-widget elementor-widget-the7-elements-simple-posts\" data-id=\"2cd5ce1\" data-element_type=\"widget\" data-widget_type=\"the7-elements-simple-posts.default\">\n\t\t\t\t<div class=\"elementor-widget-container\">\n\t\t\t<div class=\"the7-simple-widget-posts the7-elementor-widget the7-elements-simple-posts-2cd5ce1 jquery-filter hide-post-image enable-pagination-scroll jquery-filter\" data-post-limit=\"24\" data-pagination-mode=\"pages\" data-scroll-offset=\"-120\">\t\t\t<div class=\"dt-css-grid custom-pagination-handler\" data-columns=\"{&quot;d&quot;:4,&quot;t&quot;:2,&quot;p&quot;:1,&quot;wd&quot;:4}\">\n\t\t\t\t\t\t\t\t\t<div class=\"wf-cell visible \">\n\t\t\t\t\t\t<article class=\"post visible wrapper post-8239 our_team type-our_team status-publish has-post-thumbnail hentry\">\n\n\t\t\t\t\t\t\t<div class=\"post-content-wrapper\">\n\t\t\t\t\t\t\t\t\t\t\t\t\t\t\t\t<div class=\"post-entry-content\">\n\t\t\t\t\t\t\t\t\t<h5 class=\"heading\"><a href=\"https:\/\/morocco-carp.com\/new\/our_team\/emmanuel-walt\/\" rel=\"bookmark\" title=\"Emmanuel Walt\" class=\"post-title\">Emmanuel Walt<\/a><\/h5><p class=\"short-description\">Agent commercial<br>\nParle fran\u00e7ais \ud83c\uddeb\ud83c\uddf7<\/p><a href=\"https:\/\/morocco-carp.com\/new\/our_team\/emmanuel-walt\/\" target=\"\" aria-label=\"Read more about Emmanuel Walt\" class=\"box-button elementor-button elementor-size-sm\">Agent page<\/a>\t\t\t\t\t\t\t\t<\/div>\n\t\t\t\t\t\t\t<\/div>\n\t\t\t\t\t\t<\/article>\n\t\t\t\t\t<\/div>\t\t\t\t\t\t\t\t\t\t<div class=\"wf-cell visible \">\n\t\t\t\t\t\t<article class=\"post visible wrapper post-107 our_team type-our_team status-publish has-post-thumbnail hentry team_category-managers\">\n\n\t\t\t\t\t\t\t<div class=\"post-content-wrapper\">\n\t\t\t\t\t\t\t\t\t\t\t\t\t\t\t\t<div class=\"post-entry-content\">\n\t\t\t\t\t\t\t\t\t<h5 class=\"heading\"><a href=\"https:\/\/morocco-carp.com\/new\/our_team\/sam-jefferys\/\" rel=\"bookmark\" title=\"Sam Jefferys\" class=\"post-title\">Sam Jefferys<\/a><\/h5><p class=\"short-description\">Sales agent<br>\nSpeaks English \ud83c\uddec\ud83c\udde7\ud83c\uddea\ud83c\uddfa<br><\/p><a href=\"https:\/\/morocco-carp.com\/new\/our_team\/sam-jefferys\/\" target=\"\" aria-label=\"Read more about Sam Jefferys\" class=\"box-button elementor-button elementor-size-sm\">Agent page<\/a>\t\t\t\t\t\t\t\t<\/div>\n\t\t\t\t\t\t\t<\/div>\n\t\t\t\t\t\t<\/article>\n\t\t\t\t\t<\/div>\t\t\t\t\t\t\t\t\t\t<div class=\"wf-cell visible \">\n\t\t\t\t\t\t<article class=\"post visible wrapper post-8133 our_team type-our_team status-publish has-post-thumbnail hentry\">\n\n\t\t\t\t\t\t\t<div class=\"post-content-wrapper\">\n\t\t\t\t\t\t\t\t\t\t\t\t\t\t\t\t<div class=\"post-entry-content\">\n\t\t\t\t\t\t\t\t\t<h5 class=\"heading\"><a href=\"https:\/\/morocco-carp.com\/new\/our_team\/daniel-peter\/\" rel=\"bookmark\" title=\"Daniel Peter\" class=\"post-title\">Daniel Peter<\/a><\/h5><p class=\"short-description\">Sales agent<br>\nSpricht Deutsch \ud83c\udde9\ud83c\uddea<\/p><a href=\"https:\/\/morocco-carp.com\/new\/our_team\/daniel-peter\/\" target=\"\" aria-label=\"Read more about Daniel Peter\" class=\"box-button elementor-button elementor-size-sm\">Agent page<\/a>\t\t\t\t\t\t\t\t<\/div>\n\t\t\t\t\t\t\t<\/div>\n\t\t\t\t\t\t<\/article>\n\t\t\t\t\t<\/div>\t\t\t\t\t\t\t\t\t\t<div class=\"wf-cell visible \">\n\t\t\t\t\t\t<article class=\"post visible wrapper post-110 our_team type-our_team status-publish has-post-thumbnail hentry team_category-agent\">\n\n\t\t\t\t\t\t\t<div class=\"post-content-wrapper\">\n\t\t\t\t\t\t\t\t\t\t\t\t\t\t\t\t<div class=\"post-entry-content\">\n\t\t\t\t\t\t\t\t\t<h5 class=\"heading\"><a href=\"https:\/\/morocco-carp.com\/new\/our_team\/ismael-ojeda-gil\/\" rel=\"bookmark\" title=\"Ismael Ojeda Gil\" class=\"post-title\">Ismael Ojeda Gil<\/a><\/h5><p class=\"short-description\">Sales agent<br>\nHabla espa\u00f1ol \ud83c\uddea\ud83c\uddf8<\/p><a href=\"https:\/\/morocco-carp.com\/new\/our_team\/ismael-ojeda-gil\/\" target=\"\" aria-label=\"Read more about Ismael Ojeda Gil\" class=\"box-button elementor-button elementor-size-sm\">Agent page<\/a>\t\t\t\t\t\t\t\t<\/div>\n\t\t\t\t\t\t\t<\/div>\n\t\t\t\t\t\t<\/article>\n\t\t\t\t\t<\/div>\t\t\t\t\t\t\t\t\t\t<div class=\"wf-cell visible \">\n\t\t\t\t\t\t<article class=\"post visible wrapper post-8187 our_team type-our_team status-publish has-post-thumbnail hentry\">\n\n\t\t\t\t\t\t\t<div class=\"post-content-wrapper\">\n\t\t\t\t\t\t\t\t\t\t\t\t\t\t\t\t<div class=\"post-entry-content\">\n\t\t\t\t\t\t\t\t\t<h5 class=\"heading\"><a href=\"https:\/\/morocco-carp.com\/new\/our_team\/mateusz-wyzuj\/\" rel=\"bookmark\" title=\"Mateusz Wyzuj\" class=\"post-title\">Mateusz Wyzuj<\/a><\/h5><p class=\"short-description\">Sales agent <br>M\u00f3wi po polsku \ud83c\uddf5\ud83c\uddf1 <\/p><a href=\"https:\/\/morocco-carp.com\/new\/our_team\/mateusz-wyzuj\/\" target=\"\" aria-label=\"Read more about Mateusz Wyzuj\" class=\"box-button elementor-button elementor-size-sm\">Agent page<\/a>\t\t\t\t\t\t\t\t<\/div>\n\t\t\t\t\t\t\t<\/div>\n\t\t\t\t\t\t<\/article>\n\t\t\t\t\t<\/div>\t\t\t\t\t\t\t\t<\/div>\n\t\t<div class=\"paginator filter-decorations filter-pointer-underline filter-animation-fade\" role=\"navigation\"><\/div><\/div>\t\t<\/div>\n\t\t\t\t<\/div>\n\t\t\t\t\t<\/div>\n\t\t<\/div>\n\t\t\t\t\t\t\t<\/div>\n\t\t<\/section>\n\t\t\t\t<section class=\"elementor-section elementor-top-section elementor-element elementor-element-fc60283 elementor-section-boxed elementor-section-height-default elementor-section-height-default\" data-id=\"fc60283\" data-element_type=\"section\">\n\t\t\t\t\t\t<div class=\"elementor-container elementor-column-gap-wider\">\n\t\t\t\t\t<div class=\"elementor-column elementor-col-100 elementor-top-column elementor-element elementor-element-c1294f6\" data-id=\"c1294f6\" data-element_type=\"column\">\n\t\t\t<div class=\"elementor-widget-wrap elementor-element-populated\">\n\t\t\t\t\t\t\t\t<div class=\"elementor-element elementor-element-aedf872 elementor-widget elementor-widget-heading\" data-id=\"aedf872\" data-element_type=\"widget\" data-widget_type=\"heading.default\">\n\t\t\t\t<div class=\"elementor-widget-container\">\n\t\t\t<h2 class=\"elementor-heading-title elementor-size-default\">Bienvenido a BEO<\/h2>\t\t<\/div>\n\t\t\t\t<\/div>\n\t\t\t\t\t<\/div>\n\t\t<\/div>\n\t\t\t\t\t\t\t<\/div>\n\t\t<\/section>\n\t\t\t\t<section class=\"elementor-section elementor-top-section elementor-element elementor-element-5e7345b elementor-section-full_width elementor-section-stretched elementor-section-height-default elementor-section-height-default\" data-id=\"5e7345b\" data-element_type=\"section\" data-settings=\"{&quot;stretch_section&quot;:&quot;section-stretched&quot;,&quot;background_background&quot;:&quot;slideshow&quot;,&quot;background_slideshow_gallery&quot;:[{&quot;id&quot;:5804,&quot;url&quot;:&quot;http:\\\/\\\/morocco-carp.com\\\/new\\\/wp-content\\\/uploads\\\/2021\\\/09\\\/Lake-bin-el-ouidane-drone-scaled.jpg&quot;}],&quot;background_slideshow_loop&quot;:&quot;yes&quot;,&quot;background_slideshow_slide_duration&quot;:5000,&quot;background_slideshow_slide_transition&quot;:&quot;fade&quot;,&quot;background_slideshow_transition_duration&quot;:500}\">\n\t\t\t\t\t\t<div class=\"elementor-container elementor-column-gap-default\">\n\t\t\t\t\t<div class=\"elementor-column elementor-col-100 elementor-top-column elementor-element elementor-element-d4cd1e3\" data-id=\"d4cd1e3\" data-element_type=\"column\">\n\t\t\t<div class=\"elementor-widget-wrap elementor-element-populated\">\n\t\t\t\t\t\t\t\t<div class=\"elementor-element elementor-element-425a756 elementor-widget elementor-widget-spacer\" data-id=\"425a756\" data-element_type=\"widget\" data-widget_type=\"spacer.default\">\n\t\t\t\t<div class=\"elementor-widget-container\">\n\t\t\t\t\t<div class=\"elementor-spacer\">\n\t\t\t<div class=\"elementor-spacer-inner\"><\/div>\n\t\t<\/div>\n\t\t\t\t<\/div>\n\t\t\t\t<\/div>\n\t\t\t\t\t<\/div>\n\t\t<\/div>\n\t\t\t\t\t\t\t<\/div>\n\t\t<\/section>\n\t\t\t\t<section class=\"elementor-section elementor-top-section elementor-element elementor-element-a95dfa8 elementor-section-boxed elementor-section-height-default elementor-section-height-default\" data-id=\"a95dfa8\" data-element_type=\"section\">\n\t\t\t\t\t\t<div class=\"elementor-container elementor-column-gap-wider\">\n\t\t\t\t\t<div class=\"elementor-column elementor-col-100 elementor-top-column elementor-element elementor-element-5095812\" data-id=\"5095812\" data-element_type=\"column\">\n\t\t\t<div class=\"elementor-widget-wrap elementor-element-populated\">\n\t\t\t\t\t\t\t\t<div class=\"elementor-element elementor-element-7a10e90 elementor-widget elementor-widget-heading\" data-id=\"7a10e90\" data-element_type=\"widget\" data-widget_type=\"heading.default\">\n\t\t\t\t<div class=\"elementor-widget-container\">\n\t\t\t<h2 class=\"elementor-heading-title elementor-size-default\">Pon a prueba tu experiencia<\/h2>\t\t<\/div>\n\t\t\t\t<\/div>\n\t\t\t\t<div class=\"elementor-element elementor-element-0b74384 elementor-widget elementor-widget-heading\" data-id=\"0b74384\" data-element_type=\"widget\" data-widget_type=\"heading.default\">\n\t\t\t\t<div class=\"elementor-widget-container\">\n\t\t\t<h6 class=\"elementor-heading-title elementor-size-default\">\u00a1Carpfishing en las monta\u00f1as del Atlas!<\/h6>\t\t<\/div>\n\t\t\t\t<\/div>\n\t\t\t\t\t<\/div>\n\t\t<\/div>\n\t\t\t\t\t\t\t<\/div>\n\t\t<\/section>\n\t\t\t\t\t\t\t<\/div>\n\t\t","protected":false},"excerpt":{"rendered":"<p>Estamos aqu\u00ed para ti Para hacer su reserva, elija uno de nuestros agentes experimentados que estar\u00e1 listo para ayudarlo en cada paso del proceso. Ismael Ojeda Gil Agente de ventas- Habla espa\u00f1ol \ud83c\uddea\ud83c\uddf8 Bienvenidos a BEO. Soy Ismael Ojeda, pescador con amplia experiencia en Bin El Ouidane. Te ayudo con informaci\u00f3n, organizaci\u00f3n y consejos para&hellip;<\/p>\n","protected":false},"author":1,"featured_media":6976,"parent":0,"menu_order":60,"comment_status":"closed","ping_status":"closed","template":"","meta":{"inline_featured_image":false,"_monsterinsights_skip_tracking":false,"_monsterinsights_sitenote_active":false,"_monsterinsights_sitenote_note":"","_monsterinsights_sitenote_category":0,"footnotes":""},"class_list":["post-7935","page","type-page","status-publish","has-post-thumbnail","hentry"],"_links":{"self":[{"href":"https:\/\/morocco-carp.com\/new\/wp-json\/wp\/v2\/pages\/7935","targetHints":{"allow":["GET"]}}],"collection":[{"href":"https:\/\/morocco-carp.com\/new\/wp-json\/wp\/v2\/pages"}],"about":[{"href":"https:\/\/morocco-carp.com\/new\/wp-json\/wp\/v2\/types\/page"}],"author":[{"embeddable":true,"href":"https:\/\/morocco-carp.com\/new\/wp-json\/wp\/v2\/users\/1"}],"replies":[{"embeddable":true,"href":"https:\/\/morocco-carp.com\/new\/wp-json\/wp\/v2\/comments?post=7935"}],"version-history":[{"count":10,"href":"https:\/\/morocco-carp.com\/new\/wp-json\/wp\/v2\/pages\/7935\/revisions"}],"predecessor-version":[{"id":8510,"href":"https:\/\/morocco-carp.com\/new\/wp-json\/wp\/v2\/pages\/7935\/revisions\/8510"}],"wp:featuredmedia":[{"embeddable":true,"href":"https:\/\/morocco-carp.com\/new\/wp-json\/wp\/v2\/media\/6976"}],"wp:attachment":[{"href":"https:\/\/morocco-carp.com\/new\/wp-json\/wp\/v2\/media?parent=7935"}],"curies":[{"name":"wp","href":"https:\/\/api.w.org\/{rel}","templated":true}]}}