{"id":7827,"date":"2020-02-13T13:06:31","date_gmt":"2020-02-13T13:06:31","guid":{"rendered":"http:\/\/morocco-carp.com\/new\/angeln\/"},"modified":"2023-01-15T21:23:11","modified_gmt":"2023-01-15T21:23:11","slug":"angeln","status":"publish","type":"page","link":"https:\/\/morocco-carp.com\/new\/angeln\/?lang=de","title":{"rendered":"Angeln"},"content":{"rendered":"\t\t<div data-elementor-type=\"wp-page\" data-elementor-id=\"7827\" class=\"elementor elementor-7827 elementor-993\">\n\t\t\t\t\t\t\t\t\t<section class=\"elementor-section elementor-top-section elementor-element elementor-element-ce7a7f7 elementor-section-boxed elementor-section-height-default elementor-section-height-default\" data-id=\"ce7a7f7\" data-element_type=\"section\">\n\t\t\t\t\t\t<div class=\"elementor-container elementor-column-gap-wider\">\n\t\t\t\t\t<div class=\"elementor-column elementor-col-100 elementor-top-column elementor-element elementor-element-245663c\" data-id=\"245663c\" data-element_type=\"column\">\n\t\t\t<div class=\"elementor-widget-wrap elementor-element-populated\">\n\t\t\t\t\t\t\t\t<section class=\"elementor-section elementor-inner-section elementor-element elementor-element-901688f elementor-section-boxed elementor-section-height-default elementor-section-height-default\" data-id=\"901688f\" data-element_type=\"section\">\n\t\t\t\t\t\t<div class=\"elementor-container elementor-column-gap-default\">\n\t\t\t\t\t<div class=\"elementor-column elementor-col-50 elementor-inner-column elementor-element elementor-element-403b61e\" data-id=\"403b61e\" data-element_type=\"column\">\n\t\t\t<div class=\"elementor-widget-wrap elementor-element-populated\">\n\t\t\t\t\t\t\t\t<div class=\"elementor-element elementor-element-cff05a3 content-align-tablet-center content-align-mobile-center icon-box-vertical-align-mobile-top icon-vertical-align-mobile-center content-align-left icon-box-vertical-align-top icon-vertical-align-start elementor-widget elementor-widget-the7_image_box_widget\" data-id=\"cff05a3\" data-element_type=\"widget\" data-widget_type=\"the7_image_box_widget.default\">\n\t\t\t\t<div class=\"elementor-widget-container\">\n\t\t\t\n\t\t<div class=\"the7-box-wrapper the7-elementor-widget the7_image_box_widget-cff05a3\">\t\t\t<div class=\"box-content-wrapper\">\n\t\t\t\t\t\t\t\t<div class=\"elementor-image-div \">\n\t\t\t\t\t<a class=\"post-thumbnail-rollover\" href=\"http:\/\/morocco-carp.com\/new\/angeln\/bars-of-gold\/?lang=de\"><img loading=\"lazy\" decoding=\"async\" class=\"preload-me lazy-load\" src=\"data:image\/svg+xml,%3Csvg%20xmlns%3D&#39;http%3A%2F%2Fwww.w3.org%2F2000%2Fsvg&#39;%20viewBox%3D&#39;0%200%201000%201000&#39;%2F%3E\" data-src=\"https:\/\/morocco-carp.com\/new\/wp-content\/uploads\/2023\/01\/tim-square.jpg\" data-srcset=\"https:\/\/morocco-carp.com\/new\/wp-content\/uploads\/2023\/01\/tim-square.jpg 1000w\" alt=\"\" title=\"tim-square\" width=\"1000\" height=\"1000\"  \/><span class=\"the7-hover-icon\"><\/span><\/a>\t\t\t\t<\/div>\n\t\t\t\t\n\t\t\t\t<div class=\"box-content\">\n\t\t\t\t\t<h4 class=\"box-heading\"><a href=\"http:\/\/morocco-carp.com\/new\/angeln\/bars-of-gold\/?lang=de\">Bars of gold<\/a><\/h4><div class=\"box-description\">BEO ist die Heimat einiger der sch\u00f6nsten Karpfen der Welt. Tausende von Anglern haben in BEO gefischt, klicken Sie auf die Schaltfl\u00e4che unten, um einige der erstaunlichen wilden Fische zu sehen.<\/div><a href=\"http:\/\/morocco-carp.com\/new\/angeln\/bars-of-gold\/?lang=de\" class=\"box-button elementor-button elementor-size-md\">Lesen Sie mehr<\/a>\t\t\t\t<\/div>\n\t\t\t<\/div>\n\t\t<\/div>\t\t<\/div>\n\t\t\t\t<\/div>\n\t\t\t\t\t<\/div>\n\t\t<\/div>\n\t\t\t\t<div class=\"elementor-column elementor-col-50 elementor-inner-column elementor-element elementor-element-f3ccfcf\" data-id=\"f3ccfcf\" data-element_type=\"column\">\n\t\t\t<div class=\"elementor-widget-wrap elementor-element-populated\">\n\t\t\t\t\t\t\t\t<div class=\"elementor-element elementor-element-cc3585e content-align-tablet-center content-align-mobile-center icon-vertical-align-mobile-center content-align-left icon-box-vertical-align-top icon-vertical-align-start elementor-widget elementor-widget-the7_image_box_widget\" data-id=\"cc3585e\" data-element_type=\"widget\" data-widget_type=\"the7_image_box_widget.default\">\n\t\t\t\t<div class=\"elementor-widget-container\">\n\t\t\t\n\t\t<div class=\"the7-box-wrapper the7-elementor-widget the7_image_box_widget-cc3585e\">\t\t\t<div class=\"box-content-wrapper\">\n\t\t\t\t\t\t\t\t<div class=\"elementor-image-div \">\n\t\t\t\t\t<a class=\"post-thumbnail-rollover\" href=\"http:\/\/morocco-carp.com\/new\/reservierung\/?lang=de\"><img loading=\"lazy\" decoding=\"async\" class=\"preload-me lazy-load\" src=\"data:image\/svg+xml,%3Csvg%20xmlns%3D&#39;http%3A%2F%2Fwww.w3.org%2F2000%2Fsvg&#39;%20viewBox%3D&#39;0%200%201000%201000&#39;%2F%3E\" data-src=\"https:\/\/morocco-carp.com\/new\/wp-content\/uploads\/2023\/01\/rods-square.jpg\" data-srcset=\"https:\/\/morocco-carp.com\/new\/wp-content\/uploads\/2023\/01\/rods-square.jpg 1000w\" alt=\"\" title=\"rods-square\" width=\"1000\" height=\"1000\"  \/><span class=\"the7-hover-icon\"><\/span><\/a>\t\t\t\t<\/div>\n\t\t\t\t\n\t\t\t\t<div class=\"box-content\">\n\t\t\t\t\t<h4 class=\"box-heading\"><a href=\"http:\/\/morocco-carp.com\/new\/reservierung\/?lang=de\">Reservierung<\/a><\/h4><div class=\"box-description\">F\u00fcr Reservierung stehen ihnen usere Agenten zur Verf\u00fcgung und beantworten ihnen alle Fragen, die Sie \u00fcber die Reisen in das Atlasgebirge und die Angelei im m\u00e4chtigen BEO haben.<\/div><a href=\"http:\/\/morocco-carp.com\/new\/reservierung\/?lang=de\" class=\"box-button elementor-button elementor-size-md\">Reservierung<\/a>\t\t\t\t<\/div>\n\t\t\t<\/div>\n\t\t<\/div>\t\t<\/div>\n\t\t\t\t<\/div>\n\t\t\t\t\t<\/div>\n\t\t<\/div>\n\t\t\t\t\t\t\t<\/div>\n\t\t<\/section>\n\t\t\t\t<section class=\"elementor-section elementor-inner-section elementor-element elementor-element-00439e7 elementor-section-boxed elementor-section-height-default elementor-section-height-default\" data-id=\"00439e7\" data-element_type=\"section\">\n\t\t\t\t\t\t<div class=\"elementor-container elementor-column-gap-default\">\n\t\t\t\t\t<div class=\"elementor-column elementor-col-50 elementor-inner-column elementor-element elementor-element-a67da2d\" data-id=\"a67da2d\" data-element_type=\"column\">\n\t\t\t<div class=\"elementor-widget-wrap elementor-element-populated\">\n\t\t\t\t\t\t\t\t<div class=\"elementor-element elementor-element-10831b6 content-align-tablet-center content-align-mobile-center icon-box-vertical-align-mobile-top icon-vertical-align-mobile-center content-align-left icon-box-vertical-align-top icon-vertical-align-start elementor-widget elementor-widget-the7_image_box_widget\" data-id=\"10831b6\" data-element_type=\"widget\" data-widget_type=\"the7_image_box_widget.default\">\n\t\t\t\t<div class=\"elementor-widget-container\">\n\t\t\t\n\t\t<div class=\"the7-box-wrapper the7-elementor-widget the7_image_box_widget-10831b6\">\t\t\t<div class=\"box-content-wrapper\">\n\t\t\t\t\t\t\t\t<div class=\"elementor-image-div \">\n\t\t\t\t\t<a class=\"post-thumbnail-rollover\" href=\"http:\/\/morocco-carp.com\/new\/angeln\/das-see-paket\/?lang=de\"><img loading=\"lazy\" decoding=\"async\" class=\"preload-me lazy-load\" src=\"data:image\/svg+xml,%3Csvg%20xmlns%3D&#39;http%3A%2F%2Fwww.w3.org%2F2000%2Fsvg&#39;%20viewBox%3D&#39;0%200%201000%201000&#39;%2F%3E\" data-src=\"https:\/\/morocco-carp.com\/new\/wp-content\/uploads\/2023\/01\/camp-view-square.jpg\" data-srcset=\"https:\/\/morocco-carp.com\/new\/wp-content\/uploads\/2023\/01\/camp-view-square.jpg 1000w\" alt=\"\" title=\"camp-view-square\" width=\"1000\" height=\"1000\"  \/><span class=\"the7-hover-icon\"><\/span><\/a>\t\t\t\t<\/div>\n\t\t\t\t\n\t\t\t\t<div class=\"box-content\">\n\t\t\t\t\t<h4 class=\"box-heading\"><a href=\"http:\/\/morocco-carp.com\/new\/angeln\/das-see-paket\/?lang=de\">Das See-Paket<\/a><\/h4><div class=\"box-description\">Unsere Camps werden zu Ihrem Zuhause, wenn Sie im BEO angeln. Wir versorgen Sie mit Top-Ausr\u00fcstung, Zelten, Essen, etc.<\/div><a href=\"http:\/\/morocco-carp.com\/new\/angeln\/das-see-paket\/?lang=de\" class=\"box-button elementor-button elementor-size-md\">Lesen Sie mehr<\/a>\t\t\t\t<\/div>\n\t\t\t<\/div>\n\t\t<\/div>\t\t<\/div>\n\t\t\t\t<\/div>\n\t\t\t\t\t<\/div>\n\t\t<\/div>\n\t\t\t\t<div class=\"elementor-column elementor-col-50 elementor-inner-column elementor-element elementor-element-e6de1aa\" data-id=\"e6de1aa\" data-element_type=\"column\">\n\t\t\t<div class=\"elementor-widget-wrap elementor-element-populated\">\n\t\t\t\t\t\t\t\t<div class=\"elementor-element elementor-element-3e19439 content-align-tablet-center content-align-mobile-center icon-vertical-align-mobile-center content-align-left icon-box-vertical-align-top icon-vertical-align-start elementor-widget elementor-widget-the7_image_box_widget\" data-id=\"3e19439\" data-element_type=\"widget\" data-widget_type=\"the7_image_box_widget.default\">\n\t\t\t\t<div class=\"elementor-widget-container\">\n\t\t\t\n\t\t<div class=\"the7-box-wrapper the7-elementor-widget the7_image_box_widget-3e19439\">\t\t\t<div class=\"box-content-wrapper\">\n\t\t\t\t\t\t\t\t<div class=\"elementor-image-div \">\n\t\t\t\t\t<a class=\"post-thumbnail-rollover\" href=\"http:\/\/morocco-carp.com\/new\/angeln\/see-bin-el-ouidane\/?lang=de\"><img loading=\"lazy\" decoding=\"async\" class=\"preload-me lazy-load\" src=\"data:image\/svg+xml,%3Csvg%20xmlns%3D&#39;http%3A%2F%2Fwww.w3.org%2F2000%2Fsvg&#39;%20viewBox%3D&#39;0%200%201000%201000&#39;%2F%3E\" data-src=\"https:\/\/morocco-carp.com\/new\/wp-content\/uploads\/2023\/01\/beo-square.jpg\" data-srcset=\"https:\/\/morocco-carp.com\/new\/wp-content\/uploads\/2023\/01\/beo-square.jpg 1000w\" alt=\"\" title=\"beo-square\" width=\"1000\" height=\"1000\"  \/><span class=\"the7-hover-icon\"><\/span><\/a>\t\t\t\t<\/div>\n\t\t\t\t\n\t\t\t\t<div class=\"box-content\">\n\t\t\t\t\t<h4 class=\"box-heading\"><a href=\"http:\/\/morocco-carp.com\/new\/angeln\/see-bin-el-ouidane\/?lang=de\">See Bin el Ouidane<\/a><\/h4><div class=\"box-description\">Die immense Topographie des Sees aus alten Flussbetten, tiefes Wasser und massive flache Buchten, warmes, ganzj\u00e4hrig kristallklares Wasser und ein tiefes, reiches rotes Lehmseebett tragen zur faszinierenden Natur der Angelei bei.<\/div><a href=\"http:\/\/morocco-carp.com\/new\/angeln\/see-bin-el-ouidane\/?lang=de\" class=\"box-button elementor-button elementor-size-md\">Lesen Sie mehr<\/a>\t\t\t\t<\/div>\n\t\t\t<\/div>\n\t\t<\/div>\t\t<\/div>\n\t\t\t\t<\/div>\n\t\t\t\t\t<\/div>\n\t\t<\/div>\n\t\t\t\t\t\t\t<\/div>\n\t\t<\/section>\n\t\t\t\t\t<\/div>\n\t\t<\/div>\n\t\t\t\t\t\t\t<\/div>\n\t\t<\/section>\n\t\t\t\t\t\t\t<\/div>\n\t\t","protected":false},"excerpt":{"rendered":"<p>Bars of gold BEO ist die Heimat einiger der sch\u00f6nsten Karpfen der Welt. Tausende von Anglern haben in BEO gefischt, klicken Sie auf die Schaltfl\u00e4che unten, um einige der erstaunlichen wilden Fische zu sehen.Lesen Sie mehr Reservierung F\u00fcr Reservierung stehen ihnen usere Agenten zur Verf\u00fcgung und beantworten ihnen alle Fragen, die Sie \u00fcber die Reisen&hellip;<\/p>\n","protected":false},"author":1,"featured_media":6950,"parent":0,"menu_order":40,"comment_status":"closed","ping_status":"closed","template":"","meta":{"inline_featured_image":false,"_monsterinsights_skip_tracking":false,"_monsterinsights_sitenote_active":false,"_monsterinsights_sitenote_note":"","_monsterinsights_sitenote_category":0,"footnotes":""},"class_list":["post-7827","page","type-page","status-publish","has-post-thumbnail","hentry"],"_links":{"self":[{"href":"https:\/\/morocco-carp.com\/new\/wp-json\/wp\/v2\/pages\/7827","targetHints":{"allow":["GET"]}}],"collection":[{"href":"https:\/\/morocco-carp.com\/new\/wp-json\/wp\/v2\/pages"}],"about":[{"href":"https:\/\/morocco-carp.com\/new\/wp-json\/wp\/v2\/types\/page"}],"author":[{"embeddable":true,"href":"https:\/\/morocco-carp.com\/new\/wp-json\/wp\/v2\/users\/1"}],"replies":[{"embeddable":true,"href":"https:\/\/morocco-carp.com\/new\/wp-json\/wp\/v2\/comments?post=7827"}],"version-history":[{"count":6,"href":"https:\/\/morocco-carp.com\/new\/wp-json\/wp\/v2\/pages\/7827\/revisions"}],"predecessor-version":[{"id":7858,"href":"https:\/\/morocco-carp.com\/new\/wp-json\/wp\/v2\/pages\/7827\/revisions\/7858"}],"wp:featuredmedia":[{"embeddable":true,"href":"https:\/\/morocco-carp.com\/new\/wp-json\/wp\/v2\/media\/6950"}],"wp:attachment":[{"href":"https:\/\/morocco-carp.com\/new\/wp-json\/wp\/v2\/media?parent=7827"}],"curies":[{"name":"wp","href":"https:\/\/api.w.org\/{rel}","templated":true}]}}