{"id":7797,"date":"2020-02-13T13:06:31","date_gmt":"2020-02-13T13:06:31","guid":{"rendered":"http:\/\/morocco-carp.com\/new\/peche\/"},"modified":"2023-01-15T19:45:57","modified_gmt":"2023-01-15T19:45:57","slug":"peche","status":"publish","type":"page","link":"https:\/\/morocco-carp.com\/new\/peche\/?lang=fr","title":{"rendered":"P\u00eache"},"content":{"rendered":"\t\t<div data-elementor-type=\"wp-page\" data-elementor-id=\"7797\" class=\"elementor elementor-7797 elementor-993\">\n\t\t\t\t\t\t\t\t\t<section class=\"elementor-section elementor-top-section elementor-element elementor-element-ce7a7f7 elementor-section-boxed elementor-section-height-default elementor-section-height-default\" data-id=\"ce7a7f7\" data-element_type=\"section\">\n\t\t\t\t\t\t<div class=\"elementor-container elementor-column-gap-wider\">\n\t\t\t\t\t<div class=\"elementor-column elementor-col-100 elementor-top-column elementor-element elementor-element-245663c\" data-id=\"245663c\" data-element_type=\"column\">\n\t\t\t<div class=\"elementor-widget-wrap elementor-element-populated\">\n\t\t\t\t\t\t\t\t<section class=\"elementor-section elementor-inner-section elementor-element elementor-element-901688f elementor-section-boxed elementor-section-height-default elementor-section-height-default\" data-id=\"901688f\" data-element_type=\"section\">\n\t\t\t\t\t\t<div class=\"elementor-container elementor-column-gap-default\">\n\t\t\t\t\t<div class=\"elementor-column elementor-col-50 elementor-inner-column elementor-element elementor-element-403b61e\" data-id=\"403b61e\" data-element_type=\"column\">\n\t\t\t<div class=\"elementor-widget-wrap elementor-element-populated\">\n\t\t\t\t\t\t\t\t<div class=\"elementor-element elementor-element-cff05a3 content-align-tablet-center content-align-mobile-center icon-box-vertical-align-mobile-top icon-vertical-align-mobile-center content-align-left icon-box-vertical-align-top icon-vertical-align-start elementor-widget elementor-widget-the7_image_box_widget\" data-id=\"cff05a3\" data-element_type=\"widget\" data-widget_type=\"the7_image_box_widget.default\">\n\t\t\t\t<div class=\"elementor-widget-container\">\n\t\t\t\n\t\t<div class=\"the7-box-wrapper the7-elementor-widget the7_image_box_widget-cff05a3\">\t\t\t<div class=\"box-content-wrapper\">\n\t\t\t\t\t\t\t\t<div class=\"elementor-image-div \">\n\t\t\t\t\t<a class=\"post-thumbnail-rollover\" href=\"http:\/\/morocco-carp.com\/new\/fishing\/bars-of-gold\/\"><img loading=\"lazy\" decoding=\"async\" class=\"preload-me lazy-load\" src=\"data:image\/svg+xml,%3Csvg%20xmlns%3D&#39;http%3A%2F%2Fwww.w3.org%2F2000%2Fsvg&#39;%20viewBox%3D&#39;0%200%201000%201000&#39;%2F%3E\" data-src=\"https:\/\/morocco-carp.com\/new\/wp-content\/uploads\/2023\/01\/tim-square.jpg\" data-srcset=\"https:\/\/morocco-carp.com\/new\/wp-content\/uploads\/2023\/01\/tim-square.jpg 1000w\" alt=\"\" title=\"tim-square\" width=\"1000\" height=\"1000\"  \/><span class=\"the7-hover-icon\"><\/span><\/a>\t\t\t\t<\/div>\n\t\t\t\t\n\t\t\t\t<div class=\"box-content\">\n\t\t\t\t\t<h4 class=\"box-heading\"><a href=\"http:\/\/morocco-carp.com\/new\/fishing\/bars-of-gold\/\">Lingots d'or<\/a><\/h4><div class=\"box-description\">BEO abrite certaines des plus belles carpes au monde. Des milliers de p\u00eacheurs ont p\u00each\u00e9 dans BEO, cliquez sur le bouton ci-dessous pour voir quelques-uns des plus belles carpes du lac.<\/div><a href=\"http:\/\/morocco-carp.com\/new\/fishing\/bars-of-gold\/\" class=\"box-button elementor-button elementor-size-md\">Voir plus<\/a>\t\t\t\t<\/div>\n\t\t\t<\/div>\n\t\t<\/div>\t\t<\/div>\n\t\t\t\t<\/div>\n\t\t\t\t\t<\/div>\n\t\t<\/div>\n\t\t\t\t<div class=\"elementor-column elementor-col-50 elementor-inner-column elementor-element elementor-element-f3ccfcf\" data-id=\"f3ccfcf\" data-element_type=\"column\">\n\t\t\t<div class=\"elementor-widget-wrap elementor-element-populated\">\n\t\t\t\t\t\t\t\t<div class=\"elementor-element elementor-element-cc3585e content-align-tablet-center content-align-mobile-center icon-vertical-align-mobile-center content-align-left icon-box-vertical-align-top icon-vertical-align-start elementor-widget elementor-widget-the7_image_box_widget\" data-id=\"cc3585e\" data-element_type=\"widget\" data-widget_type=\"the7_image_box_widget.default\">\n\t\t\t\t<div class=\"elementor-widget-container\">\n\t\t\t\n\t\t<div class=\"the7-box-wrapper the7-elementor-widget the7_image_box_widget-cc3585e\">\t\t\t<div class=\"box-content-wrapper\">\n\t\t\t\t\t\t\t\t<div class=\"elementor-image-div \">\n\t\t\t\t\t<a class=\"post-thumbnail-rollover\" href=\"http:\/\/morocco-carp.com\/new\/agents\/\"><img loading=\"lazy\" decoding=\"async\" class=\"preload-me lazy-load\" src=\"data:image\/svg+xml,%3Csvg%20xmlns%3D&#39;http%3A%2F%2Fwww.w3.org%2F2000%2Fsvg&#39;%20viewBox%3D&#39;0%200%201000%201000&#39;%2F%3E\" data-src=\"https:\/\/morocco-carp.com\/new\/wp-content\/uploads\/2023\/01\/rods-square.jpg\" data-srcset=\"https:\/\/morocco-carp.com\/new\/wp-content\/uploads\/2023\/01\/rods-square.jpg 1000w\" alt=\"\" title=\"rods-square\" width=\"1000\" height=\"1000\"  \/><span class=\"the7-hover-icon\"><\/span><\/a>\t\t\t\t<\/div>\n\t\t\t\t\n\t\t\t\t<div class=\"box-content\">\n\t\t\t\t\t<h4 class=\"box-heading\"><a href=\"http:\/\/morocco-carp.com\/new\/agents\/\">R\u00e9servation<\/a><\/h4><div class=\"box-description\">Nos agents sont pr\u00eats \u00e0 vous aider \u00e0 r\u00e9pondre \u00e0 toutes vos questions sur les voyages dans les montagnes de l'Atlas et la p\u00eache sur le puissant BEO.<\/div><a href=\"http:\/\/morocco-carp.com\/new\/agents\/\" class=\"box-button elementor-button elementor-size-md\">R\u00e9servation<\/a>\t\t\t\t<\/div>\n\t\t\t<\/div>\n\t\t<\/div>\t\t<\/div>\n\t\t\t\t<\/div>\n\t\t\t\t\t<\/div>\n\t\t<\/div>\n\t\t\t\t\t\t\t<\/div>\n\t\t<\/section>\n\t\t\t\t<section class=\"elementor-section elementor-inner-section elementor-element elementor-element-00439e7 elementor-section-boxed elementor-section-height-default elementor-section-height-default\" data-id=\"00439e7\" data-element_type=\"section\">\n\t\t\t\t\t\t<div class=\"elementor-container elementor-column-gap-default\">\n\t\t\t\t\t<div class=\"elementor-column elementor-col-50 elementor-inner-column elementor-element elementor-element-a67da2d\" data-id=\"a67da2d\" data-element_type=\"column\">\n\t\t\t<div class=\"elementor-widget-wrap elementor-element-populated\">\n\t\t\t\t\t\t\t\t<div class=\"elementor-element elementor-element-10831b6 content-align-tablet-center content-align-mobile-center icon-box-vertical-align-mobile-top icon-vertical-align-mobile-center content-align-left icon-box-vertical-align-top icon-vertical-align-start elementor-widget elementor-widget-the7_image_box_widget\" data-id=\"10831b6\" data-element_type=\"widget\" data-widget_type=\"the7_image_box_widget.default\">\n\t\t\t\t<div class=\"elementor-widget-container\">\n\t\t\t\n\t\t<div class=\"the7-box-wrapper the7-elementor-widget the7_image_box_widget-10831b6\">\t\t\t<div class=\"box-content-wrapper\">\n\t\t\t\t\t\t\t\t<div class=\"elementor-image-div \">\n\t\t\t\t\t<a class=\"post-thumbnail-rollover\" href=\"http:\/\/morocco-carp.com\/new\/fishing\/the-lakeside-package\/\"><img loading=\"lazy\" decoding=\"async\" class=\"preload-me lazy-load\" src=\"data:image\/svg+xml,%3Csvg%20xmlns%3D&#39;http%3A%2F%2Fwww.w3.org%2F2000%2Fsvg&#39;%20viewBox%3D&#39;0%200%201000%201000&#39;%2F%3E\" data-src=\"https:\/\/morocco-carp.com\/new\/wp-content\/uploads\/2023\/01\/camp-view-square.jpg\" data-srcset=\"https:\/\/morocco-carp.com\/new\/wp-content\/uploads\/2023\/01\/camp-view-square.jpg 1000w\" alt=\"\" title=\"camp-view-square\" width=\"1000\" height=\"1000\"  \/><span class=\"the7-hover-icon\"><\/span><\/a>\t\t\t\t<\/div>\n\t\t\t\t\n\t\t\t\t<div class=\"box-content\">\n\t\t\t\t\t<h4 class=\"box-heading\"><a href=\"http:\/\/morocco-carp.com\/new\/fishing\/the-lakeside-package\/\">Le Forfait Bord de Lac<\/a><\/h4><div class=\"box-description\">Nos campement deviendront votre maison lors de la p\u00eache en BEO. Nous vous fournissons du mat\u00e9riel, des tentes, de la nourriture, etc.<\/div><a href=\"http:\/\/morocco-carp.com\/new\/fishing\/the-lakeside-package\/\" class=\"box-button elementor-button elementor-size-md\">Lire la suite<\/a>\t\t\t\t<\/div>\n\t\t\t<\/div>\n\t\t<\/div>\t\t<\/div>\n\t\t\t\t<\/div>\n\t\t\t\t\t<\/div>\n\t\t<\/div>\n\t\t\t\t<div class=\"elementor-column elementor-col-50 elementor-inner-column elementor-element elementor-element-e6de1aa\" data-id=\"e6de1aa\" data-element_type=\"column\">\n\t\t\t<div class=\"elementor-widget-wrap elementor-element-populated\">\n\t\t\t\t\t\t\t\t<div class=\"elementor-element elementor-element-3e19439 content-align-tablet-center content-align-mobile-center icon-vertical-align-mobile-center content-align-left icon-box-vertical-align-top icon-vertical-align-start elementor-widget elementor-widget-the7_image_box_widget\" data-id=\"3e19439\" data-element_type=\"widget\" data-widget_type=\"the7_image_box_widget.default\">\n\t\t\t\t<div class=\"elementor-widget-container\">\n\t\t\t\n\t\t<div class=\"the7-box-wrapper the7-elementor-widget the7_image_box_widget-3e19439\">\t\t\t<div class=\"box-content-wrapper\">\n\t\t\t\t\t\t\t\t<div class=\"elementor-image-div \">\n\t\t\t\t\t<a class=\"post-thumbnail-rollover\" href=\"http:\/\/morocco-carp.com\/new\/fishing\/lake-bin-el-ouidane\/\"><img loading=\"lazy\" decoding=\"async\" class=\"preload-me lazy-load\" src=\"data:image\/svg+xml,%3Csvg%20xmlns%3D&#39;http%3A%2F%2Fwww.w3.org%2F2000%2Fsvg&#39;%20viewBox%3D&#39;0%200%201000%201000&#39;%2F%3E\" data-src=\"https:\/\/morocco-carp.com\/new\/wp-content\/uploads\/2023\/01\/beo-square.jpg\" data-srcset=\"https:\/\/morocco-carp.com\/new\/wp-content\/uploads\/2023\/01\/beo-square.jpg 1000w\" alt=\"\" title=\"beo-square\" width=\"1000\" height=\"1000\"  \/><span class=\"the7-hover-icon\"><\/span><\/a>\t\t\t\t<\/div>\n\t\t\t\t\n\t\t\t\t<div class=\"box-content\">\n\t\t\t\t\t<h4 class=\"box-heading\"><a href=\"http:\/\/morocco-carp.com\/new\/fishing\/lake-bin-el-ouidane\/\">Lac Bin el Ouidane<\/a><\/h4><div class=\"box-description\">L'immense topographie du lac, compos\u00e9 d'anciens lits de rivi\u00e8res, d'eaux profondes et de baies peu profondes, d'une eau cristalline chaude toute l'ann\u00e9e et d'un lit de lac d'argile rouge riche et profond.<\/div><a href=\"http:\/\/morocco-carp.com\/new\/fishing\/lake-bin-el-ouidane\/\" class=\"box-button elementor-button elementor-size-md\">Lire la suite<\/a>\t\t\t\t<\/div>\n\t\t\t<\/div>\n\t\t<\/div>\t\t<\/div>\n\t\t\t\t<\/div>\n\t\t\t\t\t<\/div>\n\t\t<\/div>\n\t\t\t\t\t\t\t<\/div>\n\t\t<\/section>\n\t\t\t\t\t<\/div>\n\t\t<\/div>\n\t\t\t\t\t\t\t<\/div>\n\t\t<\/section>\n\t\t\t\t\t\t\t<\/div>\n\t\t","protected":false},"excerpt":{"rendered":"<p>Lingots d&#8217;or BEO abrite certaines des plus belles carpes au monde. Des milliers de p\u00eacheurs ont p\u00each\u00e9 dans BEO, cliquez sur le bouton ci-dessous pour voir quelques-uns des plus belles carpes du lac.Voir plus R\u00e9servation Nos agents sont pr\u00eats \u00e0 vous aider \u00e0 r\u00e9pondre \u00e0 toutes vos questions sur les voyages dans les montagnes de&hellip;<\/p>\n","protected":false},"author":1,"featured_media":6949,"parent":0,"menu_order":40,"comment_status":"closed","ping_status":"closed","template":"","meta":{"inline_featured_image":false,"_monsterinsights_skip_tracking":false,"_monsterinsights_sitenote_active":false,"_monsterinsights_sitenote_note":"","_monsterinsights_sitenote_category":0,"footnotes":""},"class_list":["post-7797","page","type-page","status-publish","has-post-thumbnail","hentry"],"_links":{"self":[{"href":"https:\/\/morocco-carp.com\/new\/wp-json\/wp\/v2\/pages\/7797","targetHints":{"allow":["GET"]}}],"collection":[{"href":"https:\/\/morocco-carp.com\/new\/wp-json\/wp\/v2\/pages"}],"about":[{"href":"https:\/\/morocco-carp.com\/new\/wp-json\/wp\/v2\/types\/page"}],"author":[{"embeddable":true,"href":"https:\/\/morocco-carp.com\/new\/wp-json\/wp\/v2\/users\/1"}],"replies":[{"embeddable":true,"href":"https:\/\/morocco-carp.com\/new\/wp-json\/wp\/v2\/comments?post=7797"}],"version-history":[{"count":1,"href":"https:\/\/morocco-carp.com\/new\/wp-json\/wp\/v2\/pages\/7797\/revisions"}],"predecessor-version":[{"id":7798,"href":"https:\/\/morocco-carp.com\/new\/wp-json\/wp\/v2\/pages\/7797\/revisions\/7798"}],"wp:featuredmedia":[{"embeddable":true,"href":"https:\/\/morocco-carp.com\/new\/wp-json\/wp\/v2\/media\/6949"}],"wp:attachment":[{"href":"https:\/\/morocco-carp.com\/new\/wp-json\/wp\/v2\/media?parent=7797"}],"curies":[{"name":"wp","href":"https:\/\/api.w.org\/{rel}","templated":true}]}}